{"id":11,"date":"2024-04-02T12:14:30","date_gmt":"2024-04-02T10:14:30","guid":{"rendered":"http:\/\/zegarserwis.pl\/?page_id=11"},"modified":"2026-02-02T22:36:31","modified_gmt":"2026-02-02T21:36:31","slug":"strona-glowna","status":"publish","type":"page","link":"https:\/\/zegarserwis.pl\/","title":{"rendered":"Serwis Zegarmistrzowski Warszawa Ochota i J\u00f3zef\u00f3w"},"content":{"rendered":"\n<div class=\"wp-block-columns is-layout-flex wp-container-core-columns-is-layout-9d6595d7 wp-block-columns-is-layout-flex\">\n<div class=\"wp-block-column is-layout-flow wp-block-column-is-layout-flow\">\n<h2 class=\"wp-block-heading\">Zegar Serwis Reduta <\/h2>\n\n\n\n<p><\/p>\n<\/div>\n\n\n\n<div class=\"wp-block-column is-layout-flow wp-block-column-is-layout-flow\">\n<h2 class=\"wp-block-heading\">Zegar Serwis J\u00f3zef\u00f3w<\/h2>\n<\/div>\n<\/div>\n\n\n\n<h2 class=\"wp-block-heading\"><\/h2>\n\n\n\n<div class=\"wp-block-cover\"><img loading=\"lazy\" decoding=\"async\" width=\"1024\" height=\"769\" class=\"wp-block-cover__image-background wp-image-62\" alt=\"\" src=\"http:\/\/zegarserwis.pl\/wp-content\/uploads\/2024\/04\/rol-1024x769.jpg\" data-object-fit=\"cover\" srcset=\"https:\/\/zegarserwis.pl\/wp-content\/uploads\/2024\/04\/rol-1024x769.jpg 1024w, https:\/\/zegarserwis.pl\/wp-content\/uploads\/2024\/04\/rol-300x225.jpg 300w, https:\/\/zegarserwis.pl\/wp-content\/uploads\/2024\/04\/rol-768x577.jpg 768w, https:\/\/zegarserwis.pl\/wp-content\/uploads\/2024\/04\/rol-1536x1154.jpg 1536w, https:\/\/zegarserwis.pl\/wp-content\/uploads\/2024\/04\/rol.jpg 2048w\" sizes=\"auto, (max-width: 1024px) 100vw, 1024px\" \/><span aria-hidden=\"true\" class=\"wp-block-cover__background has-background-dim\"><\/span><div class=\"wp-block-cover__inner-container is-layout-flow wp-block-cover-is-layout-flow\">\n<p class=\"has-text-align-center has-large-font-size\">Jeste\u015bmy serwisem z wieloletnim do\u015bwiadczeniem<\/p>\n\n\n\n<p><strong>Witamy w Zegar Serwis \u2013 gdzie szwajcarska precyzja spotyka si\u0119 z polsk\u0105 pasj\u0105 do zegarmistrzostwa<\/strong><\/p>\n\n\n\n<p>Od <strong>dw\u00f3ch pokole\u0144<\/strong> oddajemy serce i umiej\u0119tno\u015bci naprawie i renowacji zegark\u00f3w. To, co dla wielu jest tylko \u201epsuj\u0105cym si\u0119 mechanizmem\u201d, dla nas jest histori\u0105, precyzyjnym dzie\u0142em sztuki i cz\u0119sto rodzinn\u0105 pami\u0105tk\u0105.<\/p>\n\n\n\n<p>Specjalizujemy si\u0119 w <strong>serwisie i naprawie<\/strong> mechanizm\u00f3w:<\/p>\n\n\n\n<ul class=\"wp-block-list\">\n<li>szwajcarskich<\/li>\n\n\n\n<li>japo\u0144skich<\/li>\n\n\n\n<li>niemieckich<\/li>\n\n\n\n<li>francuskich<\/li>\n\n\n\n<li>\u2026i wielu innych<\/li>\n<\/ul>\n\n\n\n<p><strong>Marki, kt\u00f3rym ufamy i kt\u00f3re najcz\u0119\u015bciej przywracamy do \u017cycia w naszym warsztacie:<\/strong><\/p>\n\n\n\n<ul class=\"wp-block-list\">\n<li>Omega (ze szczeg\u00f3lnym zami\u0142owaniem do modeli <strong>vintage<\/strong> i klasycznych ale i nowych modeli np. Speedmaster, Seamaster, Constellation)<\/li>\n\n\n\n<li>Rolex<\/li>\n\n\n\n<li>Certina<\/li>\n\n\n\n<li>Tissot<\/li>\n\n\n\n<li>Atlantic<\/li>\n\n\n\n<li>Breitling<\/li>\n\n\n\n<li>TAG Heuer<\/li>\n\n\n\n<li>Longines<\/li>\n\n\n\n<li>IWC<\/li>\n\n\n\n<li>B\u0142onie<\/li>\n\n\n\n<li>Zenith<\/li>\n\n\n\n<li>Casio<\/li>\n\n\n\n<li>Tudor<\/li>\n\n\n\n<li>Seiko<\/li>\n\n\n\n<li>Citizen<\/li>\n\n\n\n<li>Orient<\/li>\n\n\n\n<li>Balticus<\/li>\n\n\n\n<li>Nomos <\/li>\n\n\n\n<li>Maurice Lacroix<\/li>\n\n\n\n<li>Junghans<\/li>\n\n\n\n<li>Sinn<\/li>\n\n\n\n<li>\u2026oraz wiele innych marek premium i kolekcjonerskich<\/li>\n<\/ul>\n\n\n\n<p><strong>Naprawiamy zar\u00f3wno nowoczesne i  vintage zegarki kwarcowe, mechaniczne, autmatyczne.<\/strong><\/p>\n\n\n\n<p><strong>Wsp\u00f3\u0142pracujemy na co dzie\u0144 z:<\/strong><\/p>\n\n\n\n<ul class=\"wp-block-list\">\n<li>klientami indywidalnymi<\/li>\n\n\n\n<li>profesjonalnymi sprzedawcami zegark\u00f3w <\/li>\n\n\n\n<li>kolekcjonerami<\/li>\n\n\n\n<li>polskimi markami zegarkowymi <\/li>\n<\/ul>\n\n\n\n<p><\/p>\n\n\n\n<p><strong>Dwa profesjonalne serwisy do Twojej dyspozycji:<\/strong><\/p>\n\n\n\n<ul class=\"wp-block-list\">\n<li><strong>Warszawa Reduta<\/strong> (Ochota )<\/li>\n\n\n\n<li><strong>J\u00f3zef\u00f3w<\/strong> <\/li>\n<\/ul>\n\n\n\n<p><\/p>\n\n\n\n<p>W serwisie w J\u00f3zefowie Naprawiamy  r\u00f3wnie\u017c  zegary \u015bcienne  mechaniczne.<\/p>\n\n\n\n<p><\/p>\n\n\n\n<p>Czekamy na Ciebie \u2013 zar\u00f3wno z Rolexem, kt\u00f3ry potrzebuje rutynowego przegl\u0105du, jak i z rodzinn\u0105 Omeg\u0105 po dziadku, kt\u00f3ra od lat czeka na drug\u0105 m\u0142odo\u015b\u0107.<\/p>\n\n\n\n<p>Z powa\u017caniem,<\/p>\n\n\n\n<p><\/p>\n\n\n\n<p><\/p>\n<\/div><\/div>\n\n\n\n<div class=\"wp-block-columns is-layout-flex wp-container-core-columns-is-layout-9d6595d7 wp-block-columns-is-layout-flex\"><\/div>\n","protected":false},"excerpt":{"rendered":"<p>Zegar Serwis Reduta Zegar Serwis J\u00f3zef\u00f3w<\/p>\n","protected":false},"author":1,"featured_media":0,"parent":0,"menu_order":0,"comment_status":"closed","ping_status":"closed","template":"","meta":{"footnotes":""},"class_list":["post-11","page","type-page","status-publish","hentry"],"yoast_head":"<!-- This site is optimized with the Yoast SEO plugin v22.3 - https:\/\/yoast.com\/wordpress\/plugins\/seo\/ -->\n<title>Serwis Zegarmistrzowski Warszawa Ochota i J\u00f3zef\u00f3w - Zegar Serwis Gadomscy<\/title>\n<meta name=\"robots\" content=\"index, follow, max-snippet:-1, max-image-preview:large, max-video-preview:-1\" \/>\n<link rel=\"canonical\" href=\"https:\/\/zegarserwis.pl\/\" \/>\n<meta property=\"og:locale\" content=\"en_US\" \/>\n<meta property=\"og:type\" content=\"article\" \/>\n<meta property=\"og:title\" content=\"Serwis Zegarmistrzowski Warszawa Ochota i J\u00f3zef\u00f3w - Zegar Serwis Gadomscy\" \/>\n<meta property=\"og:description\" content=\"Zegar Serwis Reduta Zegar Serwis J\u00f3zef\u00f3w\" \/>\n<meta property=\"og:url\" content=\"https:\/\/zegarserwis.pl\/\" \/>\n<meta property=\"og:site_name\" content=\"Zegar Serwis Gadomscy\" \/>\n<meta property=\"article:publisher\" content=\"https:\/\/www.facebook.com\/zegarserwispulawska?locale=pl_PL\" \/>\n<meta property=\"article:modified_time\" content=\"2026-02-02T21:36:31+00:00\" \/>\n<meta property=\"og:image\" content=\"http:\/\/zegarserwis.pl\/wp-content\/uploads\/2024\/04\/rol-1024x769.jpg\" \/>\n<meta name=\"twitter:card\" content=\"summary_large_image\" \/>\n<meta name=\"twitter:label1\" content=\"Est. reading time\" \/>\n\t<meta name=\"twitter:data1\" content=\"2 minutes\" \/>\n<script type=\"application\/ld+json\" class=\"yoast-schema-graph\">{\"@context\":\"https:\/\/schema.org\",\"@graph\":[{\"@type\":\"WebPage\",\"@id\":\"https:\/\/zegarserwis.pl\/\",\"url\":\"https:\/\/zegarserwis.pl\/\",\"name\":\"Serwis Zegarmistrzowski Warszawa Ochota i J\u00f3zef\u00f3w - Zegar Serwis Gadomscy\",\"isPartOf\":{\"@id\":\"https:\/\/zegarserwis.pl\/#website\"},\"primaryImageOfPage\":{\"@id\":\"https:\/\/zegarserwis.pl\/#primaryimage\"},\"image\":{\"@id\":\"https:\/\/zegarserwis.pl\/#primaryimage\"},\"thumbnailUrl\":\"http:\/\/zegarserwis.pl\/wp-content\/uploads\/2024\/04\/rol-1024x769.jpg\",\"datePublished\":\"2024-04-02T10:14:30+00:00\",\"dateModified\":\"2026-02-02T21:36:31+00:00\",\"breadcrumb\":{\"@id\":\"https:\/\/zegarserwis.pl\/#breadcrumb\"},\"inLanguage\":\"en-US\",\"potentialAction\":[{\"@type\":\"ReadAction\",\"target\":[\"https:\/\/zegarserwis.pl\/\"]}]},{\"@type\":\"ImageObject\",\"inLanguage\":\"en-US\",\"@id\":\"https:\/\/zegarserwis.pl\/#primaryimage\",\"url\":\"https:\/\/zegarserwis.pl\/wp-content\/uploads\/2024\/04\/rol.jpg\",\"contentUrl\":\"https:\/\/zegarserwis.pl\/wp-content\/uploads\/2024\/04\/rol.jpg\",\"width\":2048,\"height\":1538},{\"@type\":\"BreadcrumbList\",\"@id\":\"https:\/\/zegarserwis.pl\/#breadcrumb\",\"itemListElement\":[{\"@type\":\"ListItem\",\"position\":1,\"name\":\"Home\",\"item\":\"https:\/\/zegarserwis.pl\/\"},{\"@type\":\"ListItem\",\"position\":2,\"name\":\"Serwis Zegarmistrzowski Warszawa Ochota i J\u00f3zef\u00f3w\"}]},{\"@type\":\"WebSite\",\"@id\":\"https:\/\/zegarserwis.pl\/#website\",\"url\":\"https:\/\/zegarserwis.pl\/\",\"name\":\"Zegar Serwis Gadomscy\",\"description\":\"Zegar Serwis Gadomscy\",\"publisher\":{\"@id\":\"https:\/\/zegarserwis.pl\/#organization\"},\"potentialAction\":[{\"@type\":\"SearchAction\",\"target\":{\"@type\":\"EntryPoint\",\"urlTemplate\":\"https:\/\/zegarserwis.pl\/?s={search_term_string}\"},\"query-input\":\"required name=search_term_string\"}],\"inLanguage\":\"en-US\"},{\"@type\":\"Organization\",\"@id\":\"https:\/\/zegarserwis.pl\/#organization\",\"name\":\"Zegar Serwis Gadomscy\",\"url\":\"https:\/\/zegarserwis.pl\/\",\"logo\":{\"@type\":\"ImageObject\",\"inLanguage\":\"en-US\",\"@id\":\"https:\/\/zegarserwis.pl\/#\/schema\/logo\/image\/\",\"url\":\"https:\/\/zegarserwis.pl\/wp-content\/uploads\/2024\/04\/cropped-IMG_8133.jpg\",\"contentUrl\":\"https:\/\/zegarserwis.pl\/wp-content\/uploads\/2024\/04\/cropped-IMG_8133.jpg\",\"width\":711,\"height\":711,\"caption\":\"Zegar Serwis Gadomscy\"},\"image\":{\"@id\":\"https:\/\/zegarserwis.pl\/#\/schema\/logo\/image\/\"},\"sameAs\":[\"https:\/\/www.facebook.com\/zegarserwispulawska?locale=pl_PL\"]}]}<\/script>\n<!-- \/ Yoast SEO plugin. -->","yoast_head_json":{"title":"Serwis Zegarmistrzowski Warszawa Ochota i J\u00f3zef\u00f3w - Zegar Serwis Gadomscy","robots":{"index":"index","follow":"follow","max-snippet":"max-snippet:-1","max-image-preview":"max-image-preview:large","max-video-preview":"max-video-preview:-1"},"canonical":"https:\/\/zegarserwis.pl\/","og_locale":"en_US","og_type":"article","og_title":"Serwis Zegarmistrzowski Warszawa Ochota i J\u00f3zef\u00f3w - Zegar Serwis Gadomscy","og_description":"Zegar Serwis Reduta Zegar Serwis J\u00f3zef\u00f3w","og_url":"https:\/\/zegarserwis.pl\/","og_site_name":"Zegar Serwis Gadomscy","article_publisher":"https:\/\/www.facebook.com\/zegarserwispulawska?locale=pl_PL","article_modified_time":"2026-02-02T21:36:31+00:00","og_image":[{"url":"http:\/\/zegarserwis.pl\/wp-content\/uploads\/2024\/04\/rol-1024x769.jpg"}],"twitter_card":"summary_large_image","twitter_misc":{"Est. reading time":"2 minutes"},"schema":{"@context":"https:\/\/schema.org","@graph":[{"@type":"WebPage","@id":"https:\/\/zegarserwis.pl\/","url":"https:\/\/zegarserwis.pl\/","name":"Serwis Zegarmistrzowski Warszawa Ochota i J\u00f3zef\u00f3w - Zegar Serwis Gadomscy","isPartOf":{"@id":"https:\/\/zegarserwis.pl\/#website"},"primaryImageOfPage":{"@id":"https:\/\/zegarserwis.pl\/#primaryimage"},"image":{"@id":"https:\/\/zegarserwis.pl\/#primaryimage"},"thumbnailUrl":"http:\/\/zegarserwis.pl\/wp-content\/uploads\/2024\/04\/rol-1024x769.jpg","datePublished":"2024-04-02T10:14:30+00:00","dateModified":"2026-02-02T21:36:31+00:00","breadcrumb":{"@id":"https:\/\/zegarserwis.pl\/#breadcrumb"},"inLanguage":"en-US","potentialAction":[{"@type":"ReadAction","target":["https:\/\/zegarserwis.pl\/"]}]},{"@type":"ImageObject","inLanguage":"en-US","@id":"https:\/\/zegarserwis.pl\/#primaryimage","url":"https:\/\/zegarserwis.pl\/wp-content\/uploads\/2024\/04\/rol.jpg","contentUrl":"https:\/\/zegarserwis.pl\/wp-content\/uploads\/2024\/04\/rol.jpg","width":2048,"height":1538},{"@type":"BreadcrumbList","@id":"https:\/\/zegarserwis.pl\/#breadcrumb","itemListElement":[{"@type":"ListItem","position":1,"name":"Home","item":"https:\/\/zegarserwis.pl\/"},{"@type":"ListItem","position":2,"name":"Serwis Zegarmistrzowski Warszawa Ochota i J\u00f3zef\u00f3w"}]},{"@type":"WebSite","@id":"https:\/\/zegarserwis.pl\/#website","url":"https:\/\/zegarserwis.pl\/","name":"Zegar Serwis Gadomscy","description":"Zegar Serwis Gadomscy","publisher":{"@id":"https:\/\/zegarserwis.pl\/#organization"},"potentialAction":[{"@type":"SearchAction","target":{"@type":"EntryPoint","urlTemplate":"https:\/\/zegarserwis.pl\/?s={search_term_string}"},"query-input":"required name=search_term_string"}],"inLanguage":"en-US"},{"@type":"Organization","@id":"https:\/\/zegarserwis.pl\/#organization","name":"Zegar Serwis Gadomscy","url":"https:\/\/zegarserwis.pl\/","logo":{"@type":"ImageObject","inLanguage":"en-US","@id":"https:\/\/zegarserwis.pl\/#\/schema\/logo\/image\/","url":"https:\/\/zegarserwis.pl\/wp-content\/uploads\/2024\/04\/cropped-IMG_8133.jpg","contentUrl":"https:\/\/zegarserwis.pl\/wp-content\/uploads\/2024\/04\/cropped-IMG_8133.jpg","width":711,"height":711,"caption":"Zegar Serwis Gadomscy"},"image":{"@id":"https:\/\/zegarserwis.pl\/#\/schema\/logo\/image\/"},"sameAs":["https:\/\/www.facebook.com\/zegarserwispulawska?locale=pl_PL"]}]}},"_links":{"self":[{"href":"https:\/\/zegarserwis.pl\/index.php?rest_route=\/wp\/v2\/pages\/11","targetHints":{"allow":["GET"]}}],"collection":[{"href":"https:\/\/zegarserwis.pl\/index.php?rest_route=\/wp\/v2\/pages"}],"about":[{"href":"https:\/\/zegarserwis.pl\/index.php?rest_route=\/wp\/v2\/types\/page"}],"author":[{"embeddable":true,"href":"https:\/\/zegarserwis.pl\/index.php?rest_route=\/wp\/v2\/users\/1"}],"replies":[{"embeddable":true,"href":"https:\/\/zegarserwis.pl\/index.php?rest_route=%2Fwp%2Fv2%2Fcomments&post=11"}],"version-history":[{"count":10,"href":"https:\/\/zegarserwis.pl\/index.php?rest_route=\/wp\/v2\/pages\/11\/revisions"}],"predecessor-version":[{"id":98,"href":"https:\/\/zegarserwis.pl\/index.php?rest_route=\/wp\/v2\/pages\/11\/revisions\/98"}],"wp:attachment":[{"href":"https:\/\/zegarserwis.pl\/index.php?rest_route=%2Fwp%2Fv2%2Fmedia&parent=11"}],"curies":[{"name":"wp","href":"https:\/\/api.w.org\/{rel}","templated":true}]}}